{"id":140,"date":"2021-12-23T12:14:58","date_gmt":"2021-12-23T12:14:58","guid":{"rendered":"https:\/\/demosites.royal-elementor-addons.com\/nature-v1\/?page_id=140"},"modified":"2024-03-13T19:34:11","modified_gmt":"2024-03-13T19:34:11","slug":"myygiinfo","status":"publish","type":"page","link":"https:\/\/helgilaod.ee\/en\/myygiinfo\/","title":{"rendered":"SALES INFO"},"content":{"rendered":"<div data-elementor-type=\"wp-page\" data-elementor-id=\"140\" class=\"elementor elementor-140\">\n\t\t\t\t\t\t<section class=\"elementor-section elementor-top-section elementor-element elementor-element-a60c1ce elementor-section-boxed elementor-section-height-default elementor-section-height-default wpr-particle-no wpr-jarallax-no wpr-parallax-no wpr-sticky-section-no wpr-equal-height-no\" data-id=\"a60c1ce\" data-element_type=\"section\" data-e-type=\"section\" data-settings=\"{&quot;background_background&quot;:&quot;classic&quot;}\">\n\t\t\t\t\t\t\t<div class=\"elementor-background-overlay\"><\/div>\n\t\t\t\t\t\t\t<div class=\"elementor-container elementor-column-gap-default\">\n\t\t\t\t\t<div class=\"elementor-column elementor-col-100 elementor-top-column elementor-element elementor-element-c0a5566\" data-id=\"c0a5566\" data-element_type=\"column\" data-e-type=\"column\">\n\t\t\t<div class=\"elementor-widget-wrap elementor-element-populated\">\n\t\t\t\t\t\t<div class=\"elementor-element elementor-element-d29922a elementor-widget elementor-widget-heading\" data-id=\"d29922a\" data-element_type=\"widget\" data-e-type=\"widget\" data-widget_type=\"heading.default\">\n\t\t\t\t<div class=\"elementor-widget-container\">\n\t\t\t\t\t<h2 class=\"elementor-heading-title elementor-size-default\">SALES INFO<\/h2>\t\t\t\t<\/div>\n\t\t\t\t<\/div>\n\t\t\t\t\t<\/div>\n\t\t<\/div>\n\t\t\t\t\t<\/div>\n\t\t<\/section>\n\t\t\t\t<section class=\"elementor-section elementor-top-section elementor-element elementor-element-dccb43f elementor-section-boxed elementor-section-height-default elementor-section-height-default wpr-particle-no wpr-jarallax-no wpr-parallax-no wpr-sticky-section-no wpr-equal-height-no\" data-id=\"dccb43f\" data-element_type=\"section\" data-e-type=\"section\">\n\t\t\t\t\t\t<div class=\"elementor-container elementor-column-gap-default\">\n\t\t\t\t\t<div class=\"elementor-column elementor-col-100 elementor-top-column elementor-element elementor-element-1a9ef53\" data-id=\"1a9ef53\" data-element_type=\"column\" data-e-type=\"column\">\n\t\t\t<div class=\"elementor-widget-wrap elementor-element-populated\">\n\t\t\t\t\t\t<div class=\"elementor-element elementor-element-d70e97e elementor-widget elementor-widget-wpr-reading-progress-bar\" data-id=\"d70e97e\" data-element_type=\"widget\" data-e-type=\"widget\" data-widget_type=\"wpr-reading-progress-bar.default\">\n\t\t\t\t<div class=\"elementor-widget-container\">\n\t\t\t\t\t<div class=\"wpr-reading-progress-bar-container\" data-background-type=\"transparent\"><div class=\"wpr-reading-progress-bar\"><\/div><\/div>\t\t\t\t<\/div>\n\t\t\t\t<\/div>\n\t\t\t\t<div class=\"elementor-element elementor-element-2a0e0fd elementor-widget elementor-widget-heading\" data-id=\"2a0e0fd\" data-element_type=\"widget\" data-e-type=\"widget\" data-widget_type=\"heading.default\">\n\t\t\t\t<div class=\"elementor-widget-container\">\n\t\t\t\t\t<h2 class=\"elementor-heading-title elementor-size-default\">M\u00fc\u00fcgiinfo<\/h2>\t\t\t\t<\/div>\n\t\t\t\t<\/div>\n\t\t\t\t\t<\/div>\n\t\t<\/div>\n\t\t\t\t\t<\/div>\n\t\t<\/section>\n\t\t\t\t<section class=\"elementor-section elementor-top-section elementor-element elementor-element-cec6dda elementor-section-boxed elementor-section-height-default elementor-section-height-default wpr-particle-no wpr-jarallax-no wpr-parallax-no wpr-sticky-section-no wpr-equal-height-no\" data-id=\"cec6dda\" data-element_type=\"section\" data-e-type=\"section\">\n\t\t\t\t\t\t<div class=\"elementor-container elementor-column-gap-wide\">\n\t\t\t\t\t<div class=\"elementor-column elementor-col-50 elementor-top-column elementor-element elementor-element-97ba466\" data-id=\"97ba466\" data-element_type=\"column\" data-e-type=\"column\">\n\t\t\t<div class=\"elementor-widget-wrap elementor-element-populated\">\n\t\t\t\t\t\t<div class=\"elementor-element elementor-element-2bd6cff wpr-lottie-svg elementor-widget elementor-widget-wpr-lottie-animations\" data-id=\"2bd6cff\" data-element_type=\"widget\" data-e-type=\"widget\" data-settings=\"{&quot;json_file&quot;:{&quot;url&quot;:&quot;https:\\\/\\\/helgilaod.ee\\\/wp-content\\\/uploads\\\/2024\\\/02\\\/Animation-1708442934965.json&quot;,&quot;id&quot;:991,&quot;size&quot;:&quot;&quot;,&quot;alt&quot;:&quot;&quot;,&quot;source&quot;:&quot;library&quot;},&quot;trigger&quot;:&quot;none&quot;}\" data-widget_type=\"wpr-lottie-animations.default\">\n\t\t\t\t<div class=\"elementor-widget-container\">\n\t\t\t\t\t<div class=\"wpr-lottie-animations-wrapper\"><div class=\"wpr-lottie-animations\" data-settings=\"{&quot;loop&quot;:&quot;yes&quot;,&quot;autoplay&quot;:&quot;yes&quot;,&quot;speed&quot;:1,&quot;trigger&quot;:&quot;none&quot;,&quot;reverse&quot;:&quot;&quot;,&quot;scroll_start&quot;:&quot;0&quot;,&quot;scroll_end&quot;:&quot;100&quot;,&quot;lottie_renderer&quot;:&quot;svg&quot;}\" data-json-url=\"https:\/\/helgilaod.ee\/wp-content\/uploads\/2024\/02\/Animation-1708442934965.json\"><\/div><\/div>\t\t\t\t<\/div>\n\t\t\t\t<\/div>\n\t\t\t\t\t<\/div>\n\t\t<\/div>\n\t\t\t\t<div class=\"elementor-column elementor-col-50 elementor-top-column elementor-element elementor-element-faae8ab\" data-id=\"faae8ab\" data-element_type=\"column\" data-e-type=\"column\">\n\t\t\t<div class=\"elementor-widget-wrap elementor-element-populated\">\n\t\t\t\t\t\t<div class=\"elementor-element elementor-element-0b3a231 elementor-widget-divider--view-line elementor-widget elementor-widget-divider\" data-id=\"0b3a231\" data-element_type=\"widget\" data-e-type=\"widget\" data-widget_type=\"divider.default\">\n\t\t\t\t<div class=\"elementor-widget-container\">\n\t\t\t\t\t\t\t<div class=\"elementor-divider\">\n\t\t\t<span class=\"elementor-divider-separator\">\n\t\t\t\t\t\t<\/span>\n\t\t<\/div>\n\t\t\t\t\t\t<\/div>\n\t\t\t\t<\/div>\n\t\t\t\t<div class=\"elementor-element elementor-element-a9497ed elementor-widget elementor-widget-text-editor\" data-id=\"a9497ed\" data-element_type=\"widget\" data-e-type=\"widget\" data-widget_type=\"text-editor.default\">\n\t\t\t\t<div class=\"elementor-widget-container\">\n\t\t\t\t\t\t\t\t\t<p>Ainulaadne v\u00f5imalus omandada Helgi ladu &#8211; t\u00e4iuslik lahendus teie ettev\u00f5tte ladustamis- ja logistikavajadustele! See avar ja funktsionaalne ladu asub soodsas asukohas, pakkudes suurep\u00e4rast v\u00f5imalust efektiivseks varude haldamiseks ja kaupade ladustamiseks.<\/p><p>Helgi ladu on ideaalne valik nii v\u00e4iksematele kui ka suurematele ettev\u00f5tetele, kes vajavad usaldusv\u00e4\u00e4rset ja h\u00e4sti korraldatud ladustamisruumi. Ladu on varustatud kaasaegsete tehnoloogiliste lahendustega ja turvas\u00fcsteemidega, tagades teie kaupadele parima kaitse ja ohutuse.<\/p><p>Lisaks praktilisele disainile ja turvalisusele pakub Helgi ladu ka v\u00f5imalust kohandada ruumi vastavalt teie ettev\u00f5tte vajadustele ja eelistustele. Olgu tegemist kaupade ladustamise, logistikaprotsesside v\u00f5i muu \u00e4rifunktsiooniga, see ladu suudab vastata teie ootustele ja toetada teie ettev\u00f5tte kasvu.<\/p><p>\u00c4rge j\u00e4tke seda suurep\u00e4rast v\u00f5imalust kasutamata! Helgi ladu on investeering, mis aitab teie ettev\u00f5ttel j\u00f5uda uuele tasemele ja saavutada suuremat edu turul. V\u00f5tke meiega \u00fchendust juba t\u00e4na ja avastage, kuidas Helgi ladu saab teie ettev\u00f5ttele kasuks olla!<\/p>\t\t\t\t\t\t\t\t<\/div>\n\t\t\t\t<\/div>\n\t\t\t\t<div class=\"elementor-element elementor-element-4d73360 elementor-icon-list--layout-traditional elementor-list-item-link-full_width elementor-widget elementor-widget-icon-list\" data-id=\"4d73360\" data-element_type=\"widget\" data-e-type=\"widget\" data-widget_type=\"icon-list.default\">\n\t\t\t\t<div class=\"elementor-widget-container\">\n\t\t\t\t\t\t\t<ul class=\"elementor-icon-list-items\">\n\t\t\t\t\t\t\t<li class=\"elementor-icon-list-item\">\n\t\t\t\t\t\t\t\t\t\t\t<span class=\"elementor-icon-list-icon\">\n\t\t\t\t\t\t\t<svg aria-hidden=\"true\" class=\"e-font-icon-svg e-fas-check\" viewbox=\"0 0 512 512\" xmlns=\"http:\/\/www.w3.org\/2000\/svg\"><path d=\"M173.898 439.404l-166.4-166.4c-9.997-9.997-9.997-26.206 0-36.204l36.203-36.204c9.997-9.998 26.207-9.998 36.204 0L192 312.69 432.095 72.596c9.997-9.997 26.207-9.997 36.204 0l36.203 36.204c9.997 9.997 9.997 26.206 0 36.204l-294.4 294.401c-9.998 9.997-26.207 9.997-36.204-.001z\"><\/path><\/svg>\t\t\t\t\t\t<\/span>\n\t\t\t\t\t\t\t\t\t\t<span class=\"elementor-icon-list-text\">The best conditions.<\/span>\n\t\t\t\t\t\t\t\t\t<\/li>\n\t\t\t\t\t\t\t\t<li class=\"elementor-icon-list-item\">\n\t\t\t\t\t\t\t\t\t\t\t<span class=\"elementor-icon-list-icon\">\n\t\t\t\t\t\t\t<svg aria-hidden=\"true\" class=\"e-font-icon-svg e-fas-check\" viewbox=\"0 0 512 512\" xmlns=\"http:\/\/www.w3.org\/2000\/svg\"><path d=\"M173.898 439.404l-166.4-166.4c-9.997-9.997-9.997-26.206 0-36.204l36.203-36.204c9.997-9.998 26.207-9.998 36.204 0L192 312.69 432.095 72.596c9.997-9.997 26.207-9.997 36.204 0l36.203 36.204c9.997 9.997 9.997 26.206 0 36.204l-294.4 294.401c-9.998 9.997-26.207 9.997-36.204-.001z\"><\/path><\/svg>\t\t\t\t\t\t<\/span>\n\t\t\t\t\t\t\t\t\t\t<span class=\"elementor-icon-list-text\">Suurep\u00e4rane asukoht.<\/span>\n\t\t\t\t\t\t\t\t\t<\/li>\n\t\t\t\t\t\t\t\t<li class=\"elementor-icon-list-item\">\n\t\t\t\t\t\t\t\t\t\t\t<span class=\"elementor-icon-list-icon\">\n\t\t\t\t\t\t\t<svg aria-hidden=\"true\" class=\"e-font-icon-svg e-fas-check\" viewbox=\"0 0 512 512\" xmlns=\"http:\/\/www.w3.org\/2000\/svg\"><path d=\"M173.898 439.404l-166.4-166.4c-9.997-9.997-9.997-26.206 0-36.204l36.203-36.204c9.997-9.998 26.207-9.998 36.204 0L192 312.69 432.095 72.596c9.997-9.997 26.207-9.997 36.204 0l36.203 36.204c9.997 9.997 9.997 26.206 0 36.204l-294.4 294.401c-9.998 9.997-26.207 9.997-36.204-.001z\"><\/path><\/svg>\t\t\t\t\t\t<\/span>\n\t\t\t\t\t\t\t\t\t\t<span class=\"elementor-icon-list-text\">Turvaline.<\/span>\n\t\t\t\t\t\t\t\t\t<\/li>\n\t\t\t\t\t\t\t\t<li class=\"elementor-icon-list-item\">\n\t\t\t\t\t\t\t\t\t\t\t<span class=\"elementor-icon-list-icon\">\n\t\t\t\t\t\t\t<svg aria-hidden=\"true\" class=\"e-font-icon-svg e-fas-check\" viewbox=\"0 0 512 512\" xmlns=\"http:\/\/www.w3.org\/2000\/svg\"><path d=\"M173.898 439.404l-166.4-166.4c-9.997-9.997-9.997-26.206 0-36.204l36.203-36.204c9.997-9.998 26.207-9.998 36.204 0L192 312.69 432.095 72.596c9.997-9.997 26.207-9.997 36.204 0l36.203 36.204c9.997 9.997 9.997 26.206 0 36.204l-294.4 294.401c-9.998 9.997-26.207 9.997-36.204-.001z\"><\/path><\/svg>\t\t\t\t\t\t<\/span>\n\t\t\t\t\t\t\t\t\t\t<span class=\"elementor-icon-list-text\">Kvaliteetne.<\/span>\n\t\t\t\t\t\t\t\t\t<\/li>\n\t\t\t\t\t\t<\/ul>\n\t\t\t\t\t\t<\/div>\n\t\t\t\t<\/div>\n\t\t\t\t\t<\/div>\n\t\t<\/div>\n\t\t\t\t\t<\/div>\n\t\t<\/section>\n\t\t<div class=\"elementor-element elementor-element-728e5d7 e-flex e-con-boxed wpr-particle-no wpr-jarallax-no wpr-parallax-no wpr-sticky-section-no wpr-equal-height-no e-con e-parent\" data-id=\"728e5d7\" data-element_type=\"container\" data-e-type=\"container\">\n\t\t\t\t\t<div class=\"e-con-inner\">\n\t\t\t\t<div class=\"elementor-element elementor-element-4cd25c1 elementor-widget elementor-widget-shortcode\" data-id=\"4cd25c1\" data-element_type=\"widget\" data-e-type=\"widget\" data-widget_type=\"shortcode.default\">\n\t\t\t\t<div class=\"elementor-widget-container\">\n\t\t\t\t\t\t\t<div class=\"elementor-shortcode\">\n        <div class=\"modelViewerBlock\" data-attributes='{&quot;align&quot;:&quot;center&quot;,&quot;uniqueId&quot;:&quot;model2493&quot;,&quot;currentViewer&quot;:&quot;modelViewer&quot;,&quot;multiple&quot;:false,&quot;O3DVSettings&quot;:{&quot;isFullscreen&quot;:true,&quot;isPagination&quot;:false,&quot;isNavigation&quot;:false,&quot;camera&quot;:null,&quot;mouseControl&quot;:true,&quot;zoom&quot;:true},&quot;environmentImage&quot;:null,&quot;lazyLoad&quot;:false,&quot;loading&quot;:&quot;auto&quot;,&quot;autoplay&quot;:false,&quot;shadow&quot;:1,&quot;autoRotate&quot;:false,&quot;zoomLevel&quot;:null,&quot;zoom&quot;:true,&quot;isPagination&quot;:false,&quot;isNavigation&quot;:false,&quot;hotspotStyle&quot;:&quot;style-1&quot;,&quot;preload&quot;:&quot;auto&quot;,&quot;rotationPerSecond&quot;:&quot;30&quot;,&quot;mouseControl&quot;:true,&quot;lockXAxisRotation&quot;:false,&quot;lockYAxisRotation&quot;:false,&quot;fullscreen&quot;:true,&quot;zoomInOutBtn&quot;:false,&quot;cameraBtn&quot;:false,&quot;variant&quot;:false,&quot;loadingPercentage&quot;:false,&quot;progressBar&quot;:true,&quot;rotate&quot;:false,&quot;rotateDelay&quot;:3000,&quot;rotateAlongX&quot;:&quot;0&quot;,&quot;rotateAlongY&quot;:&quot;75&quot;,&quot;exposure&quot;:&quot;1&quot;,&quot;stylesheet&quot;:null,&quot;additional&quot;:{&quot;ID&quot;:&quot;&quot;,&quot;Class&quot;:&quot;&quot;,&quot;CSS&quot;:null},&quot;animation&quot;:false,&quot;woo&quot;:false,&quot;selectedAnimation&quot;:&quot;&quot;,&quot;placement&quot;:&quot;shortcode&quot;,&quot;styles&quot;:{&quot;width&quot;:&quot;100%&quot;,&quot;height&quot;:&quot;320px&quot;,&quot;bgColor&quot;:&quot;#0a0a0a&quot;,&quot;progressBarColor&quot;:null},&quot;model&quot;:{&quot;modelUrl&quot;:&quot;https:\\\/\\\/helgilaod.ee\\\/wp-content\\\/uploads\\\/2024\\\/03\\\/1MODEL.obj&quot;,&quot;poster&quot;:&quot;&quot;},&quot;models&quot;:[]}'>\n            <div class=\"bp3d_backup_view\" style=\"display: none;height:350px;\">\n                <model-viewer camera-controls src=\"https:\/\/helgilaod.ee\/wp-content\/uploads\/2024\/03\/1MODEL.obj\" style=\"height: 350px;\"><\/model-viewer>\n            <\/div>\n            <script>\n                setTimeout(() => {\n                    let backupModels = document.querySelectorAll('.bp3d_backup_view');\n                    if(backupModels.length > 0){\n                        backupModels.forEach(element => {\n                            if(element){\n                                element.style.display = 'block';\n                                setTimeout(() => {\n                                    let adminMessages = document.querySelectorAll('.bp3d_admin_message');\n                                    if(adminMessages.length > 0){\n                                        adminMessages.forEach(adminMessage => {\n                                            if(adminMessage){\n                                                adminMessage.style.display = 'block';\n                                            }\n                                        });\n                                    }\n                                }, 5000);\n                            }\n                        });\n                    }\n                }, 5000);\n            <\/script>\n        <\/div>\n\n        <\/div>\n\t\t\t\t\t\t<\/div>\n\t\t\t\t<\/div>\n\t\t\t\t\t<\/div>\n\t\t\t\t<\/div>\n\t\t\t\t<\/div>","protected":false},"excerpt":{"rendered":"<p>M\u00dc\u00dcGIINFO M\u00fc\u00fcgiinfo Ainulaadne v\u00f5imalus omandada Helgi ladu &#8211; t\u00e4iuslik lahendus teie ettev\u00f5tte ladustamis- ja logistikavajadustele! See avar ja funktsionaalne ladu asub soodsas asukohas, pakkudes suurep\u00e4rast v\u00f5imalust efektiivseks varude haldamiseks ja kaupade ladustamiseks. Helgi ladu on ideaalne valik nii v\u00e4iksematele kui ka suurematele ettev\u00f5tetele, kes vajavad usaldusv\u00e4\u00e4rset ja h\u00e4sti korraldatud ladustamisruumi. Ladu on varustatud kaasaegsete tehnoloogiliste lahendustega ja turvas\u00fcsteemidega, tagades teie kaupadele parima kaitse ja ohutuse. Lisaks praktilisele disainile ja turvalisusele pakub Helgi ladu ka v\u00f5imalust kohandada ruumi vastavalt teie ettev\u00f5tte vajadustele ja eelistustele. Olgu tegemist kaupade ladustamise, logistikaprotsesside v\u00f5i muu \u00e4rifunktsiooniga, see ladu suudab vastata teie ootustele ja toetada teie ettev\u00f5tte kasvu. \u00c4rge j\u00e4tke seda suurep\u00e4rast v\u00f5imalust kasutamata! Helgi ladu on investeering, mis aitab teie ettev\u00f5ttel j\u00f5uda uuele tasemele ja saavutada suuremat edu turul. V\u00f5tke meiega \u00fchendust juba t\u00e4na ja avastage, kuidas Helgi ladu saab teie ettev\u00f5ttele kasuks olla! Parimad tingimused. Suurep\u00e4rane asukoht. Turvaline. Kvaliteetne.<\/p>","protected":false},"author":1,"featured_media":0,"parent":0,"menu_order":0,"comment_status":"closed","ping_status":"closed","template":"elementor_canvas","meta":{"footnotes":""},"class_list":["post-140","page","type-page","status-publish","hentry"],"yoast_head":"<!-- This site is optimized with the Yoast SEO plugin v27.4 - https:\/\/yoast.com\/product\/yoast-seo-wordpress\/ -->\n<title>M\u00dc\u00dcGIINFO - Helgilaod<\/title>\n<meta name=\"robots\" content=\"index, follow, max-snippet:-1, max-image-preview:large, max-video-preview:-1\" \/>\n<link rel=\"canonical\" href=\"https:\/\/helgilaod.ee\/en\/myygiinfo\/\" \/>\n<meta property=\"og:locale\" content=\"en_GB\" \/>\n<meta property=\"og:type\" content=\"article\" \/>\n<meta property=\"og:title\" content=\"M\u00dc\u00dcGIINFO - Helgilaod\" \/>\n<meta property=\"og:description\" content=\"M\u00dc\u00dcGIINFO M\u00fc\u00fcgiinfo Ainulaadne v\u00f5imalus omandada Helgi ladu &#8211; t\u00e4iuslik lahendus teie ettev\u00f5tte ladustamis- ja logistikavajadustele! See avar ja funktsionaalne ladu asub soodsas asukohas, pakkudes suurep\u00e4rast v\u00f5imalust efektiivseks varude haldamiseks ja kaupade ladustamiseks. Helgi ladu on ideaalne valik nii v\u00e4iksematele kui ka suurematele ettev\u00f5tetele, kes vajavad usaldusv\u00e4\u00e4rset ja h\u00e4sti korraldatud ladustamisruumi. Ladu on varustatud kaasaegsete tehnoloogiliste lahendustega ja turvas\u00fcsteemidega, tagades teie kaupadele parima kaitse ja ohutuse. Lisaks praktilisele disainile ja turvalisusele pakub Helgi ladu ka v\u00f5imalust kohandada ruumi vastavalt teie ettev\u00f5tte vajadustele ja eelistustele. Olgu tegemist kaupade ladustamise, logistikaprotsesside v\u00f5i muu \u00e4rifunktsiooniga, see ladu suudab vastata teie ootustele ja toetada teie ettev\u00f5tte kasvu. \u00c4rge j\u00e4tke seda suurep\u00e4rast v\u00f5imalust kasutamata! Helgi ladu on investeering, mis aitab teie ettev\u00f5ttel j\u00f5uda uuele tasemele ja saavutada suuremat edu turul. V\u00f5tke meiega \u00fchendust juba t\u00e4na ja avastage, kuidas Helgi ladu saab teie ettev\u00f5ttele kasuks olla! Parimad tingimused. Suurep\u00e4rane asukoht. Turvaline. Kvaliteetne.\" \/>\n<meta property=\"og:url\" content=\"https:\/\/helgilaod.ee\/en\/myygiinfo\/\" \/>\n<meta property=\"og:site_name\" content=\"Helgilaod\" \/>\n<meta property=\"article:modified_time\" content=\"2024-03-13T19:34:11+00:00\" \/>\n<meta property=\"og:image\" content=\"https:\/\/helgilaod.ee\/wp-content\/uploads\/2024\/02\/helgi-laod-logo-8-1.webp\" \/>\n\t<meta property=\"og:image:width\" content=\"900\" \/>\n\t<meta property=\"og:image:height\" content=\"332\" \/>\n\t<meta property=\"og:image:type\" content=\"image\/webp\" \/>\n<meta name=\"twitter:card\" content=\"summary_large_image\" \/>\n<meta name=\"twitter:label1\" content=\"Estimated reading time\" \/>\n\t<meta name=\"twitter:data1\" content=\"1 minute\" \/>\n<!-- \/ Yoast SEO plugin. -->","yoast_head_json":{"title":"M\u00dc\u00dcGIINFO - Helgilaod","robots":{"index":"index","follow":"follow","max-snippet":"max-snippet:-1","max-image-preview":"max-image-preview:large","max-video-preview":"max-video-preview:-1"},"canonical":"https:\/\/helgilaod.ee\/en\/myygiinfo\/","og_locale":"en_GB","og_type":"article","og_title":"M\u00dc\u00dcGIINFO - Helgilaod","og_description":"M\u00dc\u00dcGIINFO M\u00fc\u00fcgiinfo Ainulaadne v\u00f5imalus omandada Helgi ladu &#8211; t\u00e4iuslik lahendus teie ettev\u00f5tte ladustamis- ja logistikavajadustele! See avar ja funktsionaalne ladu asub soodsas asukohas, pakkudes suurep\u00e4rast v\u00f5imalust efektiivseks varude haldamiseks ja kaupade ladustamiseks. Helgi ladu on ideaalne valik nii v\u00e4iksematele kui ka suurematele ettev\u00f5tetele, kes vajavad usaldusv\u00e4\u00e4rset ja h\u00e4sti korraldatud ladustamisruumi. Ladu on varustatud kaasaegsete tehnoloogiliste lahendustega ja turvas\u00fcsteemidega, tagades teie kaupadele parima kaitse ja ohutuse. Lisaks praktilisele disainile ja turvalisusele pakub Helgi ladu ka v\u00f5imalust kohandada ruumi vastavalt teie ettev\u00f5tte vajadustele ja eelistustele. Olgu tegemist kaupade ladustamise, logistikaprotsesside v\u00f5i muu \u00e4rifunktsiooniga, see ladu suudab vastata teie ootustele ja toetada teie ettev\u00f5tte kasvu. \u00c4rge j\u00e4tke seda suurep\u00e4rast v\u00f5imalust kasutamata! Helgi ladu on investeering, mis aitab teie ettev\u00f5ttel j\u00f5uda uuele tasemele ja saavutada suuremat edu turul. V\u00f5tke meiega \u00fchendust juba t\u00e4na ja avastage, kuidas Helgi ladu saab teie ettev\u00f5ttele kasuks olla! Parimad tingimused. Suurep\u00e4rane asukoht. Turvaline. Kvaliteetne.","og_url":"https:\/\/helgilaod.ee\/en\/myygiinfo\/","og_site_name":"Helgilaod","article_modified_time":"2024-03-13T19:34:11+00:00","og_image":[{"width":900,"height":332,"url":"https:\/\/helgilaod.ee\/wp-content\/uploads\/2024\/02\/helgi-laod-logo-8-1.webp","type":"image\/webp"}],"twitter_card":"summary_large_image","twitter_misc":{"Estimated reading time":"1 minute"},"schema":{"@context":"https:\/\/schema.org","@graph":[{"@type":"WebPage","@id":"https:\/\/helgilaod.ee\/myygiinfo\/","url":"https:\/\/helgilaod.ee\/myygiinfo\/","name":"M\u00dc\u00dcGIINFO - Helgilaod","isPartOf":{"@id":"https:\/\/helgilaod.ee\/#website"},"datePublished":"2021-12-23T12:14:58+00:00","dateModified":"2024-03-13T19:34:11+00:00","breadcrumb":{"@id":"https:\/\/helgilaod.ee\/myygiinfo\/#breadcrumb"},"inLanguage":"en-GB","potentialAction":[{"@type":"ReadAction","target":["https:\/\/helgilaod.ee\/myygiinfo\/"]}]},{"@type":"BreadcrumbList","@id":"https:\/\/helgilaod.ee\/myygiinfo\/#breadcrumb","itemListElement":[{"@type":"ListItem","position":1,"name":"Home","item":"https:\/\/helgilaod.ee\/"},{"@type":"ListItem","position":2,"name":"M\u00dc\u00dcGIINFO"}]},{"@type":"WebSite","@id":"https:\/\/helgilaod.ee\/#website","url":"https:\/\/helgilaod.ee\/","name":"Helgilaod","description":"With us you grow","publisher":{"@id":"https:\/\/helgilaod.ee\/#organization"},"potentialAction":[{"@type":"SearchAction","target":{"@type":"EntryPoint","urlTemplate":"https:\/\/helgilaod.ee\/?s={search_term_string}"},"query-input":{"@type":"PropertyValueSpecification","valueRequired":true,"valueName":"search_term_string"}}],"inLanguage":"en-GB"},{"@type":"Organization","@id":"https:\/\/helgilaod.ee\/#organization","name":"Helgilaod","url":"https:\/\/helgilaod.ee\/","logo":{"@type":"ImageObject","inLanguage":"en-GB","@id":"https:\/\/helgilaod.ee\/#\/schema\/logo\/image\/","url":"https:\/\/helgilaod.ee\/wp-content\/uploads\/2024\/02\/helgi-laod-logo-8-1.webp","contentUrl":"https:\/\/helgilaod.ee\/wp-content\/uploads\/2024\/02\/helgi-laod-logo-8-1.webp","width":900,"height":332,"caption":"Helgilaod"},"image":{"@id":"https:\/\/helgilaod.ee\/#\/schema\/logo\/image\/"}}]}},"_links":{"self":[{"href":"https:\/\/helgilaod.ee\/en\/wp-json\/wp\/v2\/pages\/140","targetHints":{"allow":["GET"]}}],"collection":[{"href":"https:\/\/helgilaod.ee\/en\/wp-json\/wp\/v2\/pages"}],"about":[{"href":"https:\/\/helgilaod.ee\/en\/wp-json\/wp\/v2\/types\/page"}],"author":[{"embeddable":true,"href":"https:\/\/helgilaod.ee\/en\/wp-json\/wp\/v2\/users\/1"}],"replies":[{"embeddable":true,"href":"https:\/\/helgilaod.ee\/en\/wp-json\/wp\/v2\/comments?post=140"}],"version-history":[{"count":5,"href":"https:\/\/helgilaod.ee\/en\/wp-json\/wp\/v2\/pages\/140\/revisions"}],"predecessor-version":[{"id":2498,"href":"https:\/\/helgilaod.ee\/en\/wp-json\/wp\/v2\/pages\/140\/revisions\/2498"}],"wp:attachment":[{"href":"https:\/\/helgilaod.ee\/en\/wp-json\/wp\/v2\/media?parent=140"}],"curies":[{"name":"wp","href":"https:\/\/api.w.org\/{rel}","templated":true}]}}