{"id":3,"date":"2024-02-20T09:29:16","date_gmt":"2024-02-20T09:29:16","guid":{"rendered":"https:\/\/helgilaod.ee\/?page_id=3"},"modified":"2024-02-27T18:19:42","modified_gmt":"2024-02-27T18:19:42","slug":"andmekaitsetingimused","status":"publish","type":"page","link":"https:\/\/helgilaod.ee\/en\/andmekaitsetingimused\/","title":{"rendered":"Privacy policy"},"content":{"rendered":"\t\t<div data-elementor-type=\"wp-page\" data-elementor-id=\"3\" class=\"elementor elementor-3\">\n\t\t\t\t<div class=\"elementor-element elementor-element-2f48b448 e-flex e-con-boxed wpr-particle-no wpr-jarallax-no wpr-parallax-no wpr-sticky-section-no e-con e-parent\" data-id=\"2f48b448\" data-element_type=\"container\" data-e-type=\"container\">\n\t\t\t\t\t<div class=\"e-con-inner\">\n\t\t\t\t<div class=\"elementor-element elementor-element-6f118da9 elementor-widget elementor-widget-text-editor\" data-id=\"6f118da9\" data-element_type=\"widget\" data-e-type=\"widget\" data-widget_type=\"text-editor.default\">\n\t\t\t\t<div class=\"elementor-widget-container\">\n\t\t\t\t\t\t\t\t\t<p><\/p>\n<div class=\"flex-1 overflow-hidden\">\n<div class=\"react-scroll-to-bottom--css-akxyy-79elbk h-full\">\n<div class=\"react-scroll-to-bottom--css-akxyy-1n7m0yu\">\n<div class=\"flex flex-col pb-9 text-sm\">\n<div class=\"w-full text-token-text-primary\" data-testid=\"conversation-turn-45\">\n<div class=\"px-4 py-2 justify-center text-base md:gap-6 m-auto\">\n<div class=\"flex flex-1 text-base mx-auto gap-3 md:px-5 lg:px-1 xl:px-5 md:max-w-3xl lg:max-w-[40rem] xl:max-w-[48rem] group final-completion\">\n<div class=\"relative flex w-full flex-col agent-turn\">\n<div class=\"flex-col gap-1 md:gap-3\">\n<div class=\"flex flex-grow flex-col max-w-full\">\n<div class=\"min-h-[20px] text-message flex flex-col items-start gap-3 whitespace-pre-wrap break-words [.text-message+&amp;]:mt-5 overflow-x-auto\" data-message-author-role=\"assistant\" data-message-id=\"23c6e906-5b9b-497a-a6cf-3d82db35092d\">\n<div class=\"markdown prose w-full break-words dark:prose-invert dark\">\n<p>Viimati uuendatud: 2\/20\/2024<\/p>\n<p>Helgi Laod (edaspidi \u201emeie\u201c, \u201eme\u201c, \u201emeie\u201c) austab teie privaatsust ning v\u00f5tab privaatsuskaitse reegleid v\u00e4ga t\u00f5siselt. See privaatsuspoliitika kirjeldab, kuidas me kogume, kasutame, avalikustame ja kaitseme teie isikuandmeid meie veebisaidi kaudu (edaspidi \u201eteenus\u201c) v\u00f5i muul viisil.<\/p>\n<p>Meie teenuse kasutamisega n\u00f5ustute k\u00e4esoleva privaatsuspoliitika tingimustega. Kui te ei n\u00f5ustu nende tingimustega, palun meie teenust edaspidi mitte kasutada.<\/p>\n<p>Andmekogumine ja kasutamine<\/p>\n<p>Kogume mitmesuguseid isikuandmeid teiega suhtlemisel meie teenuse kaudu. Isikuandmed v\u00f5ivad h\u00f5lmata j\u00e4rgmist:<\/p>\n<ul>\n<li>Teie nimi, kontaktandmed ja muud identifitseerimiseks vajalikud andmed, mida te meile esitate, n\u00e4iteks meiega suheldes v\u00f5i meie teenuse kasutamisel.<\/li>\n<li>Tehnilised andmed, sealhulgas teie IP-aadress, brauseri t\u00fc\u00fcp, operatsioonis\u00fcsteem ja muud tehnilised andmed, mis v\u00f5ivad tekkida teie seadme kasutamisel meie teenuse kaudu.<\/li>\n<li>K\u00fcpsised ja j\u00e4lgimistehnoloogiad: Meie teenus kasutab k\u00fcpsiseid ja muid j\u00e4lgimistehnoloogiaid, et koguda teavet teie tegevuse kohta meie veebisaidil ja parendada teie kasutajakogemust.<\/li>\n<\/ul>\n<p>Isikuandmeid kasutatakse peamiselt meie teenuse pakkumiseks, hallamiseks ja arendamiseks ning teiega suhtlemiseks. Lisaks v\u00f5ime kasutada teie isikuandmeid turunduslikel eesm\u00e4rkidel, kuid ainult siis, kui olete selleks n\u00f5us andnud.<\/p>\n<p>Andmete avalikustamine<\/p>\n<p>Teie isikuandmeid v\u00f5idakse avaldada kolmandatele osapooltele, kui see on seadusega n\u00f5utud v\u00f5i kui see on vajalik meie teenuse osutamiseks. Me ei m\u00fc\u00fc ega rendi teie isikuandmeid kolmandatele osapooltele.<\/p>\n<p>Andmete s\u00e4ilitamine<\/p>\n<p>S\u00e4ilitame teie isikuandmeid ainult nii kaua, kui see on vajalik k\u00e4esolevas privaatsuspoliitikas s\u00e4testatud eesm\u00e4rkide saavutamiseks v\u00f5i seadusega lubatud.<\/p>\n<p>Teie \u00f5igused<\/p>\n<p>Teil on \u00f5igus n\u00f5uda juurdep\u00e4\u00e4su, parandamist, kustutamist v\u00f5i piiramist oma isikuandmetega seotud teabes. Samuti v\u00f5ite igal ajal keelata oma isikuandmete kasutamise turunduslikel eesm\u00e4rkidel.<\/p>\n<p>Privaatsuspoliitika muudatused<\/p>\n<p>K\u00e4esolevat privaatsuspoliitikat v\u00f5idakse perioodiliselt uuendada, et kajastada meie teenuse muudatusi v\u00f5i vastata \u00f5iguslikele n\u00f5uetele. Kui me teeme olulisi muudatusi, teavitame teid sellest kas e-posti teel v\u00f5i teavitades meie teenuse kaudu.<\/p>\n<p>Kontakt<\/p>\n<p>Kui teil on k\u00fcsimusi selle privaatsuspoliitika v\u00f5i teie isikuandmete kohta, v\u00f5tke meiega \u00fchendust j\u00e4rgmisel aadressil: https:\/\/helgilaod.ee\/kontakt\/.<\/p>\n<p>Viimane uuendus: 2\/20\/2024<\/p>\n<\/div>\n<\/div>\n<\/div>\n<\/div>\n<\/div>\n<\/div>\n<\/div>\n<\/div>\n<\/div>\n<\/div>\n<\/div>\n<\/div>\n<p><\/p>\t\t\t\t\t\t\t\t<\/div>\n\t\t\t\t<\/div>\n\t\t\t\t\t<\/div>\n\t\t\t\t<\/div>\n\t\t\t\t<\/div>\n\t\t","protected":false},"excerpt":{"rendered":"<p>Viimati uuendatud: 2\/20\/2024 Helgi Laod (edaspidi \u201emeie\u201c, \u201eme\u201c, \u201emeie\u201c) austab teie privaatsust ning v\u00f5tab privaatsuskaitse reegleid v\u00e4ga t\u00f5siselt. See privaatsuspoliitika kirjeldab, kuidas me kogume, kasutame, avalikustame ja kaitseme teie isikuandmeid meie veebisaidi kaudu (edaspidi \u201eteenus\u201c) v\u00f5i muul viisil. Meie teenuse kasutamisega n\u00f5ustute k\u00e4esoleva privaatsuspoliitika tingimustega. Kui te ei n\u00f5ustu nende tingimustega, palun meie teenust edaspidi mitte kasutada. Andmekogumine ja kasutamine Kogume mitmesuguseid isikuandmeid teiega suhtlemisel meie teenuse kaudu. Isikuandmed v\u00f5ivad h\u00f5lmata j\u00e4rgmist: Teie nimi, kontaktandmed ja muud identifitseerimiseks vajalikud andmed, mida te meile esitate, n\u00e4iteks meiega suheldes v\u00f5i meie teenuse kasutamisel. Tehnilised andmed, sealhulgas teie IP-aadress, brauseri t\u00fc\u00fcp, operatsioonis\u00fcsteem ja muud tehnilised andmed, mis v\u00f5ivad tekkida teie seadme kasutamisel meie teenuse kaudu. K\u00fcpsised ja j\u00e4lgimistehnoloogiad: Meie teenus kasutab k\u00fcpsiseid ja muid j\u00e4lgimistehnoloogiaid, et koguda teavet teie tegevuse kohta meie veebisaidil ja parendada teie kasutajakogemust. Isikuandmeid kasutatakse peamiselt meie teenuse pakkumiseks, hallamiseks ja arendamiseks ning teiega suhtlemiseks. Lisaks v\u00f5ime kasutada teie isikuandmeid turunduslikel eesm\u00e4rkidel, kuid ainult siis, kui olete selleks n\u00f5us andnud. Andmete avalikustamine Teie isikuandmeid v\u00f5idakse avaldada kolmandatele osapooltele, kui see on seadusega n\u00f5utud v\u00f5i kui see on vajalik meie teenuse osutamiseks. Me ei m\u00fc\u00fc ega rendi teie isikuandmeid kolmandatele osapooltele. Andmete s\u00e4ilitamine S\u00e4ilitame teie isikuandmeid ainult nii kaua, kui see on vajalik k\u00e4esolevas privaatsuspoliitikas s\u00e4testatud eesm\u00e4rkide saavutamiseks v\u00f5i seadusega lubatud. Teie \u00f5igused Teil on \u00f5igus n\u00f5uda juurdep\u00e4\u00e4su, parandamist, kustutamist v\u00f5i piiramist oma isikuandmetega seotud teabes. Samuti v\u00f5ite igal ajal keelata oma isikuandmete kasutamise turunduslikel eesm\u00e4rkidel. Privaatsuspoliitika muudatused K\u00e4esolevat privaatsuspoliitikat v\u00f5idakse perioodiliselt uuendada, et kajastada meie teenuse muudatusi v\u00f5i vastata \u00f5iguslikele n\u00f5uetele. Kui me teeme olulisi muudatusi, teavitame teid sellest kas e-posti teel v\u00f5i teavitades meie teenuse kaudu. Kontakt Kui teil on k\u00fcsimusi selle privaatsuspoliitika v\u00f5i teie isikuandmete kohta, v\u00f5tke meiega \u00fchendust j\u00e4rgmisel aadressil: https:\/\/helgilaod.ee\/kontakt\/. Viimane uuendus: 2\/20\/2024<\/p>","protected":false},"author":1,"featured_media":0,"parent":0,"menu_order":0,"comment_status":"closed","ping_status":"open","template":"","meta":{"footnotes":""},"class_list":["post-3","page","type-page","status-publish","hentry"],"yoast_head":"<!-- This site is optimized with the Yoast SEO plugin v27.3 - https:\/\/yoast.com\/product\/yoast-seo-wordpress\/ -->\n<title>Privaatsuspoliitika - Helgilaod<\/title>\n<meta name=\"robots\" content=\"index, follow, max-snippet:-1, max-image-preview:large, max-video-preview:-1\" \/>\n<link rel=\"canonical\" href=\"https:\/\/helgilaod.ee\/en\/andmekaitsetingimused\/\" \/>\n<meta property=\"og:locale\" content=\"en_GB\" \/>\n<meta property=\"og:type\" content=\"article\" \/>\n<meta property=\"og:title\" content=\"Privaatsuspoliitika - Helgilaod\" \/>\n<meta property=\"og:description\" content=\"Viimati uuendatud: 2\/20\/2024 Helgi Laod (edaspidi \u201emeie\u201c, \u201eme\u201c, \u201emeie\u201c) austab teie privaatsust ning v\u00f5tab privaatsuskaitse reegleid v\u00e4ga t\u00f5siselt. See privaatsuspoliitika kirjeldab, kuidas me kogume, kasutame, avalikustame ja kaitseme teie isikuandmeid meie veebisaidi kaudu (edaspidi \u201eteenus\u201c) v\u00f5i muul viisil. Meie teenuse kasutamisega n\u00f5ustute k\u00e4esoleva privaatsuspoliitika tingimustega. Kui te ei n\u00f5ustu nende tingimustega, palun meie teenust edaspidi mitte kasutada. Andmekogumine ja kasutamine Kogume mitmesuguseid isikuandmeid teiega suhtlemisel meie teenuse kaudu. Isikuandmed v\u00f5ivad h\u00f5lmata j\u00e4rgmist: Teie nimi, kontaktandmed ja muud identifitseerimiseks vajalikud andmed, mida te meile esitate, n\u00e4iteks meiega suheldes v\u00f5i meie teenuse kasutamisel. Tehnilised andmed, sealhulgas teie IP-aadress, brauseri t\u00fc\u00fcp, operatsioonis\u00fcsteem ja muud tehnilised andmed, mis v\u00f5ivad tekkida teie seadme kasutamisel meie teenuse kaudu. K\u00fcpsised ja j\u00e4lgimistehnoloogiad: Meie teenus kasutab k\u00fcpsiseid ja muid j\u00e4lgimistehnoloogiaid, et koguda teavet teie tegevuse kohta meie veebisaidil ja parendada teie kasutajakogemust. Isikuandmeid kasutatakse peamiselt meie teenuse pakkumiseks, hallamiseks ja arendamiseks ning teiega suhtlemiseks. Lisaks v\u00f5ime kasutada teie isikuandmeid turunduslikel eesm\u00e4rkidel, kuid ainult siis, kui olete selleks n\u00f5us andnud. Andmete avalikustamine Teie isikuandmeid v\u00f5idakse avaldada kolmandatele osapooltele, kui see on seadusega n\u00f5utud v\u00f5i kui see on vajalik meie teenuse osutamiseks. Me ei m\u00fc\u00fc ega rendi teie isikuandmeid kolmandatele osapooltele. Andmete s\u00e4ilitamine S\u00e4ilitame teie isikuandmeid ainult nii kaua, kui see on vajalik k\u00e4esolevas privaatsuspoliitikas s\u00e4testatud eesm\u00e4rkide saavutamiseks v\u00f5i seadusega lubatud. Teie \u00f5igused Teil on \u00f5igus n\u00f5uda juurdep\u00e4\u00e4su, parandamist, kustutamist v\u00f5i piiramist oma isikuandmetega seotud teabes. Samuti v\u00f5ite igal ajal keelata oma isikuandmete kasutamise turunduslikel eesm\u00e4rkidel. Privaatsuspoliitika muudatused K\u00e4esolevat privaatsuspoliitikat v\u00f5idakse perioodiliselt uuendada, et kajastada meie teenuse muudatusi v\u00f5i vastata \u00f5iguslikele n\u00f5uetele. Kui me teeme olulisi muudatusi, teavitame teid sellest kas e-posti teel v\u00f5i teavitades meie teenuse kaudu. Kontakt Kui teil on k\u00fcsimusi selle privaatsuspoliitika v\u00f5i teie isikuandmete kohta, v\u00f5tke meiega \u00fchendust j\u00e4rgmisel aadressil: https:\/\/helgilaod.ee\/kontakt\/. Viimane uuendus: 2\/20\/2024\" \/>\n<meta property=\"og:url\" content=\"https:\/\/helgilaod.ee\/en\/andmekaitsetingimused\/\" \/>\n<meta property=\"og:site_name\" content=\"Helgilaod\" \/>\n<meta property=\"article:modified_time\" content=\"2024-02-27T18:19:42+00:00\" \/>\n<meta property=\"og:image\" content=\"https:\/\/helgilaod.ee\/wp-content\/uploads\/2024\/02\/helgi-laod-logo-8-1.webp\" \/>\n\t<meta property=\"og:image:width\" content=\"900\" \/>\n\t<meta property=\"og:image:height\" content=\"332\" \/>\n\t<meta property=\"og:image:type\" content=\"image\/webp\" \/>\n<meta name=\"twitter:card\" content=\"summary_large_image\" \/>\n<meta name=\"twitter:label1\" content=\"Estimated reading time\" \/>\n\t<meta name=\"twitter:data1\" content=\"2 minutes\" \/>\n<!-- \/ Yoast SEO plugin. -->","yoast_head_json":{"title":"Privaatsuspoliitika - Helgilaod","robots":{"index":"index","follow":"follow","max-snippet":"max-snippet:-1","max-image-preview":"max-image-preview:large","max-video-preview":"max-video-preview:-1"},"canonical":"https:\/\/helgilaod.ee\/en\/andmekaitsetingimused\/","og_locale":"en_GB","og_type":"article","og_title":"Privaatsuspoliitika - Helgilaod","og_description":"Viimati uuendatud: 2\/20\/2024 Helgi Laod (edaspidi \u201emeie\u201c, \u201eme\u201c, \u201emeie\u201c) austab teie privaatsust ning v\u00f5tab privaatsuskaitse reegleid v\u00e4ga t\u00f5siselt. See privaatsuspoliitika kirjeldab, kuidas me kogume, kasutame, avalikustame ja kaitseme teie isikuandmeid meie veebisaidi kaudu (edaspidi \u201eteenus\u201c) v\u00f5i muul viisil. Meie teenuse kasutamisega n\u00f5ustute k\u00e4esoleva privaatsuspoliitika tingimustega. Kui te ei n\u00f5ustu nende tingimustega, palun meie teenust edaspidi mitte kasutada. Andmekogumine ja kasutamine Kogume mitmesuguseid isikuandmeid teiega suhtlemisel meie teenuse kaudu. Isikuandmed v\u00f5ivad h\u00f5lmata j\u00e4rgmist: Teie nimi, kontaktandmed ja muud identifitseerimiseks vajalikud andmed, mida te meile esitate, n\u00e4iteks meiega suheldes v\u00f5i meie teenuse kasutamisel. Tehnilised andmed, sealhulgas teie IP-aadress, brauseri t\u00fc\u00fcp, operatsioonis\u00fcsteem ja muud tehnilised andmed, mis v\u00f5ivad tekkida teie seadme kasutamisel meie teenuse kaudu. K\u00fcpsised ja j\u00e4lgimistehnoloogiad: Meie teenus kasutab k\u00fcpsiseid ja muid j\u00e4lgimistehnoloogiaid, et koguda teavet teie tegevuse kohta meie veebisaidil ja parendada teie kasutajakogemust. Isikuandmeid kasutatakse peamiselt meie teenuse pakkumiseks, hallamiseks ja arendamiseks ning teiega suhtlemiseks. Lisaks v\u00f5ime kasutada teie isikuandmeid turunduslikel eesm\u00e4rkidel, kuid ainult siis, kui olete selleks n\u00f5us andnud. Andmete avalikustamine Teie isikuandmeid v\u00f5idakse avaldada kolmandatele osapooltele, kui see on seadusega n\u00f5utud v\u00f5i kui see on vajalik meie teenuse osutamiseks. Me ei m\u00fc\u00fc ega rendi teie isikuandmeid kolmandatele osapooltele. Andmete s\u00e4ilitamine S\u00e4ilitame teie isikuandmeid ainult nii kaua, kui see on vajalik k\u00e4esolevas privaatsuspoliitikas s\u00e4testatud eesm\u00e4rkide saavutamiseks v\u00f5i seadusega lubatud. Teie \u00f5igused Teil on \u00f5igus n\u00f5uda juurdep\u00e4\u00e4su, parandamist, kustutamist v\u00f5i piiramist oma isikuandmetega seotud teabes. Samuti v\u00f5ite igal ajal keelata oma isikuandmete kasutamise turunduslikel eesm\u00e4rkidel. Privaatsuspoliitika muudatused K\u00e4esolevat privaatsuspoliitikat v\u00f5idakse perioodiliselt uuendada, et kajastada meie teenuse muudatusi v\u00f5i vastata \u00f5iguslikele n\u00f5uetele. Kui me teeme olulisi muudatusi, teavitame teid sellest kas e-posti teel v\u00f5i teavitades meie teenuse kaudu. Kontakt Kui teil on k\u00fcsimusi selle privaatsuspoliitika v\u00f5i teie isikuandmete kohta, v\u00f5tke meiega \u00fchendust j\u00e4rgmisel aadressil: https:\/\/helgilaod.ee\/kontakt\/. Viimane uuendus: 2\/20\/2024","og_url":"https:\/\/helgilaod.ee\/en\/andmekaitsetingimused\/","og_site_name":"Helgilaod","article_modified_time":"2024-02-27T18:19:42+00:00","og_image":[{"width":900,"height":332,"url":"https:\/\/helgilaod.ee\/wp-content\/uploads\/2024\/02\/helgi-laod-logo-8-1.webp","type":"image\/webp"}],"twitter_card":"summary_large_image","twitter_misc":{"Estimated reading time":"2 minutes"},"schema":{"@context":"https:\/\/schema.org","@graph":[{"@type":"WebPage","@id":"https:\/\/helgilaod.ee\/andmekaitsetingimused\/","url":"https:\/\/helgilaod.ee\/andmekaitsetingimused\/","name":"Privaatsuspoliitika - Helgilaod","isPartOf":{"@id":"https:\/\/helgilaod.ee\/#website"},"datePublished":"2024-02-20T09:29:16+00:00","dateModified":"2024-02-27T18:19:42+00:00","breadcrumb":{"@id":"https:\/\/helgilaod.ee\/andmekaitsetingimused\/#breadcrumb"},"inLanguage":"en-GB","potentialAction":[{"@type":"ReadAction","target":["https:\/\/helgilaod.ee\/andmekaitsetingimused\/"]}]},{"@type":"BreadcrumbList","@id":"https:\/\/helgilaod.ee\/andmekaitsetingimused\/#breadcrumb","itemListElement":[{"@type":"ListItem","position":1,"name":"Home","item":"https:\/\/helgilaod.ee\/"},{"@type":"ListItem","position":2,"name":"Privaatsuspoliitika"}]},{"@type":"WebSite","@id":"https:\/\/helgilaod.ee\/#website","url":"https:\/\/helgilaod.ee\/","name":"Helgilaod","description":"With us you grow","publisher":{"@id":"https:\/\/helgilaod.ee\/#organization"},"potentialAction":[{"@type":"SearchAction","target":{"@type":"EntryPoint","urlTemplate":"https:\/\/helgilaod.ee\/?s={search_term_string}"},"query-input":{"@type":"PropertyValueSpecification","valueRequired":true,"valueName":"search_term_string"}}],"inLanguage":"en-GB"},{"@type":"Organization","@id":"https:\/\/helgilaod.ee\/#organization","name":"Helgilaod","url":"https:\/\/helgilaod.ee\/","logo":{"@type":"ImageObject","inLanguage":"en-GB","@id":"https:\/\/helgilaod.ee\/#\/schema\/logo\/image\/","url":"https:\/\/helgilaod.ee\/wp-content\/uploads\/2024\/02\/helgi-laod-logo-8-1.webp","contentUrl":"https:\/\/helgilaod.ee\/wp-content\/uploads\/2024\/02\/helgi-laod-logo-8-1.webp","width":900,"height":332,"caption":"Helgilaod"},"image":{"@id":"https:\/\/helgilaod.ee\/#\/schema\/logo\/image\/"}}]}},"_links":{"self":[{"href":"https:\/\/helgilaod.ee\/en\/wp-json\/wp\/v2\/pages\/3","targetHints":{"allow":["GET"]}}],"collection":[{"href":"https:\/\/helgilaod.ee\/en\/wp-json\/wp\/v2\/pages"}],"about":[{"href":"https:\/\/helgilaod.ee\/en\/wp-json\/wp\/v2\/types\/page"}],"author":[{"embeddable":true,"href":"https:\/\/helgilaod.ee\/en\/wp-json\/wp\/v2\/users\/1"}],"replies":[{"embeddable":true,"href":"https:\/\/helgilaod.ee\/en\/wp-json\/wp\/v2\/comments?post=3"}],"version-history":[{"count":5,"href":"https:\/\/helgilaod.ee\/en\/wp-json\/wp\/v2\/pages\/3\/revisions"}],"predecessor-version":[{"id":1849,"href":"https:\/\/helgilaod.ee\/en\/wp-json\/wp\/v2\/pages\/3\/revisions\/1849"}],"wp:attachment":[{"href":"https:\/\/helgilaod.ee\/en\/wp-json\/wp\/v2\/media?parent=3"}],"curies":[{"name":"wp","href":"https:\/\/api.w.org\/{rel}","templated":true}]}}