{"id":695,"date":"2021-12-23T10:23:58","date_gmt":"2021-12-23T10:23:58","guid":{"rendered":"https:\/\/demosites.royal-elementor-addons.com\/nature-v1\/?page_id=12"},"modified":"2026-04-06T11:32:07","modified_gmt":"2026-04-06T11:32:07","slug":"pealeht","status":"publish","type":"page","link":"https:\/\/helgilaod.ee\/en\/","title":{"rendered":"MAIN PAGE"},"content":{"rendered":"<div data-elementor-type=\"wp-page\" data-elementor-id=\"695\" class=\"elementor elementor-695\">\n\t\t\t\t\t\t<section class=\"elementor-section elementor-top-section elementor-element elementor-element-edff081 elementor-section-full_width elementor-section-height-default elementor-section-height-default wpr-particle-no wpr-sticky-section-no\" data-id=\"edff081\" data-element_type=\"section\" data-e-type=\"section\" data-settings=\"{&quot;background_background&quot;:&quot;classic&quot;}\">\n\t\t\t\t\t\t\t<div class=\"elementor-background-overlay\"><\/div>\n\t\t\t\t\t\t\t<div class=\"elementor-container elementor-column-gap-no\">\n\t\t\t\t\t<div class=\"elementor-column elementor-col-50 elementor-top-column elementor-element elementor-element-64bb147\" data-id=\"64bb147\" data-element_type=\"column\" data-e-type=\"column\">\n\t\t\t<div class=\"elementor-widget-wrap\">\n\t\t\t\t\t\t\t<\/div>\n\t\t<\/div>\n\t\t\t\t<div class=\"elementor-column elementor-col-50 elementor-top-column elementor-element elementor-element-c94c00c\" data-id=\"c94c00c\" data-element_type=\"column\" data-e-type=\"column\" data-settings=\"{&quot;background_background&quot;:&quot;classic&quot;}\">\n\t\t\t<div class=\"elementor-widget-wrap elementor-element-populated\">\n\t\t\t\t\t\t<div class=\"elementor-element elementor-element-3feef09 elementor-widget__width-initial elementor-widget elementor-widget-text-editor\" data-id=\"3feef09\" data-element_type=\"widget\" data-e-type=\"widget\" data-widget_type=\"text-editor.default\">\n\t\t\t\t<div class=\"elementor-widget-container\">\n\t\t\t\t\t\t\t\t\tN\u00fc\u00fcd\u00a0M\u00dc\u00dcA kvaliteetsed <b>LAOPINNAD \/ B\u00dcROOD<\/b> in M\u00f5igu Technopark. Boxes with size <b>25\u2026230 m2<\/b><\/p>\t\t\t\t\t\t\t\t<\/div>\n\t\t\t\t<\/div>\n\t\t\t\t<div class=\"elementor-element elementor-element-3e8da73 elementor-widget__width-initial elementor-widget elementor-widget-text-editor\" data-id=\"3e8da73\" data-element_type=\"widget\" data-e-type=\"widget\" data-widget_type=\"text-editor.default\">\n\t\t\t\t<div class=\"elementor-widget-container\">\n\t\t\t\t\t\t\t\t\t<p>Ehitus on ALANUD!<\/p><p><span data-olk-copy-source=\"MessageBody\">Maja valmib jaanuar\/veebruar 2025<\/span><\/p>\t\t\t\t\t\t\t\t<\/div>\n\t\t\t\t<\/div>\n\t\t\t\t\t<\/div>\n\t\t<\/div>\n\t\t\t\t\t<\/div>\n\t\t<\/section>\n\t\t\t\t<section class=\"elementor-section elementor-top-section elementor-element elementor-element-5f50123 elementor-section-boxed elementor-section-height-default elementor-section-height-default wpr-particle-no wpr-jarallax-no wpr-parallax-no wpr-sticky-section-no\" data-id=\"5f50123\" data-element_type=\"section\" data-e-type=\"section\">\n\t\t\t\t\t\t<div class=\"elementor-container elementor-column-gap-default\">\n\t\t\t\t\t<div class=\"elementor-column elementor-col-100 elementor-top-column elementor-element elementor-element-3811cf6\" data-id=\"3811cf6\" data-element_type=\"column\" data-e-type=\"column\">\n\t\t\t<div class=\"elementor-widget-wrap elementor-element-populated\">\n\t\t\t\t\t\t<div class=\"elementor-element elementor-element-e39db87 elementor-widget elementor-widget-heading\" data-id=\"e39db87\" data-element_type=\"widget\" data-e-type=\"widget\" data-widget_type=\"heading.default\">\n\t\t\t\t<div class=\"elementor-widget-container\">\n\t\t\t\t\t<h2 class=\"elementor-heading-title elementor-size-default\">IDEAS<\/h2>\t\t\t\t<\/div>\n\t\t\t\t<\/div>\n\t\t\t\t<div class=\"elementor-element elementor-element-8fe594d elementor-widget-divider--view-line elementor-widget elementor-widget-divider\" data-id=\"8fe594d\" data-element_type=\"widget\" data-e-type=\"widget\" data-widget_type=\"divider.default\">\n\t\t\t\t<div class=\"elementor-widget-container\">\n\t\t\t\t\t\t\t<div class=\"elementor-divider\">\n\t\t\t<span class=\"elementor-divider-separator\">\n\t\t\t\t\t\t<\/span>\n\t\t<\/div>\n\t\t\t\t\t\t<\/div>\n\t\t\t\t<\/div>\n\t\t\t\t<section class=\"elementor-section elementor-inner-section elementor-element elementor-element-6849350 elementor-section-boxed elementor-section-height-default elementor-section-height-default wpr-particle-no wpr-jarallax-no wpr-parallax-no wpr-sticky-section-no\" data-id=\"6849350\" data-element_type=\"section\" data-e-type=\"section\">\n\t\t\t\t\t\t<div class=\"elementor-container elementor-column-gap-default\">\n\t\t\t\t\t<div class=\"elementor-column elementor-col-25 elementor-inner-column elementor-element elementor-element-c0067a5\" data-id=\"c0067a5\" data-element_type=\"column\" data-e-type=\"column\">\n\t\t\t<div class=\"elementor-widget-wrap elementor-element-populated\">\n\t\t\t\t\t\t<div class=\"elementor-element elementor-element-c25aee3 elementor-widget elementor-widget-image\" data-id=\"c25aee3\" data-element_type=\"widget\" data-e-type=\"widget\" data-widget_type=\"image.default\">\n\t\t\t\t<div class=\"elementor-widget-container\">\n\t\t\t\t\t\t\t\t\t\t\t\t\t\t\t<img decoding=\"async\" src=\"https:\/\/helgilaod.ee\/wp-content\/uploads\/elementor\/thumbs\/online_website__2991188310-qlg5x5ftqpcqx0yue4r5hwmslyfc7sj1sazwzvs2z2.webp\" title=\"online_website__2991188310\" alt=\"online_website__2991188310\" loading=\"lazy\" \/>\t\t\t\t\t\t\t\t\t\t\t\t\t\t\t<\/div>\n\t\t\t\t<\/div>\n\t\t\t\t<div class=\"elementor-element elementor-element-6daffcc elementor-widget elementor-widget-heading\" data-id=\"6daffcc\" data-element_type=\"widget\" data-e-type=\"widget\" data-widget_type=\"heading.default\">\n\t\t\t\t<div class=\"elementor-widget-container\">\n\t\t\t\t\t<h2 class=\"elementor-heading-title elementor-size-default\">Warehouse\/office for a company or e-business<\/h2>\t\t\t\t<\/div>\n\t\t\t\t<\/div>\n\t\t\t\t<div class=\"elementor-element elementor-element-e13be9b elementor-widget elementor-widget-text-editor\" data-id=\"e13be9b\" data-element_type=\"widget\" data-e-type=\"widget\" data-widget_type=\"text-editor.default\">\n\t\t\t\t<div class=\"elementor-widget-container\">\n\t\t\t\t\t\t\t\t\t<p>Helgi's warehouse offers you a versatile and adaptable space for your e-business needs. Whether your product range is small or large, we have enough space to accommodate your goods and ensure their safe and efficient storage.<\/p>\t\t\t\t\t\t\t\t<\/div>\n\t\t\t\t<\/div>\n\t\t\t\t\t<\/div>\n\t\t<\/div>\n\t\t\t\t<div class=\"elementor-column elementor-col-25 elementor-inner-column elementor-element elementor-element-628adb6\" data-id=\"628adb6\" data-element_type=\"column\" data-e-type=\"column\">\n\t\t\t<div class=\"elementor-widget-wrap elementor-element-populated\">\n\t\t\t\t\t\t<div class=\"elementor-element elementor-element-2795f4e elementor-widget elementor-widget-image\" data-id=\"2795f4e\" data-element_type=\"widget\" data-e-type=\"widget\" data-widget_type=\"image.default\">\n\t\t\t\t<div class=\"elementor-widget-container\">\n\t\t\t\t\t\t\t\t\t\t\t\t\t\t\t<img decoding=\"async\" src=\"https:\/\/helgilaod.ee\/wp-content\/uploads\/elementor\/thumbs\/cameras-qk3jrxq9pdyrldk1la4yojwfx13ut972dg5xu08lxq.png\" title=\"cameras\" alt=\"cameras\" loading=\"lazy\" \/>\t\t\t\t\t\t\t\t\t\t\t\t\t\t\t<\/div>\n\t\t\t\t<\/div>\n\t\t\t\t<div class=\"elementor-element elementor-element-d9e7553 elementor-widget elementor-widget-heading\" data-id=\"d9e7553\" data-element_type=\"widget\" data-e-type=\"widget\" data-widget_type=\"heading.default\">\n\t\t\t\t<div class=\"elementor-widget-container\">\n\t\t\t\t\t<h2 class=\"elementor-heading-title elementor-size-default\">A safe place to store your property<\/h2>\t\t\t\t<\/div>\n\t\t\t\t<\/div>\n\t\t\t\t<div class=\"elementor-element elementor-element-bdbe8c8 elementor-widget elementor-widget-text-editor\" data-id=\"bdbe8c8\" data-element_type=\"widget\" data-e-type=\"widget\" data-widget_type=\"text-editor.default\">\n\t\t\t\t<div class=\"elementor-widget-container\">\n\t\t\t\t\t\t\t\t\t<p>The security of our warehouses is our priority. We are equipped with modern security systems, including video surveillance and access restrictions, ensuring complete protection of your property.<\/p>\t\t\t\t\t\t\t\t<\/div>\n\t\t\t\t<\/div>\n\t\t\t\t\t<\/div>\n\t\t<\/div>\n\t\t\t\t<div class=\"elementor-column elementor-col-25 elementor-inner-column elementor-element elementor-element-79deca7\" data-id=\"79deca7\" data-element_type=\"column\" data-e-type=\"column\">\n\t\t\t<div class=\"elementor-widget-wrap elementor-element-populated\">\n\t\t\t\t\t\t<div class=\"elementor-element elementor-element-fafedef elementor-widget elementor-widget-image\" data-id=\"fafedef\" data-element_type=\"widget\" data-e-type=\"widget\" data-widget_type=\"image.default\">\n\t\t\t\t<div class=\"elementor-widget-container\">\n\t\t\t\t\t\t\t\t\t\t\t\t\t\t\t<img decoding=\"async\" src=\"https:\/\/helgilaod.ee\/wp-content\/uploads\/elementor\/thumbs\/boat-qk3jknhaqlztntvek8naplnu7wuvaah2mqp953oy2a.jpg\" title=\"boat\" alt=\"boat\" loading=\"lazy\" \/>\t\t\t\t\t\t\t\t\t\t\t\t\t\t\t<\/div>\n\t\t\t\t<\/div>\n\t\t\t\t<div class=\"elementor-element elementor-element-c9b7369 elementor-widget elementor-widget-heading\" data-id=\"c9b7369\" data-element_type=\"widget\" data-e-type=\"widget\" data-widget_type=\"heading.default\">\n\t\t\t\t<div class=\"elementor-widget-container\">\n\t\t\t\t\t<h2 class=\"elementor-heading-title elementor-size-default\">Rooms for hobbies and work<\/h2>\t\t\t\t<\/div>\n\t\t\t\t<\/div>\n\t\t\t\t<div class=\"elementor-element elementor-element-669002a elementor-widget elementor-widget-text-editor\" data-id=\"669002a\" data-element_type=\"widget\" data-e-type=\"widget\" data-widget_type=\"text-editor.default\">\n\t\t\t\t<div class=\"elementor-widget-container\">\n\t\t\t\t\t\t\t\t\t<p>Helgi's warehouse space offers flexible and adaptable spaces that precisely meet your seasonal goods storage needs. Whether it's Christmas items, summer collections or other seasonal products, we have enough space to store them safely and efficiently.<\/p>\t\t\t\t\t\t\t\t<\/div>\n\t\t\t\t<\/div>\n\t\t\t\t\t<\/div>\n\t\t<\/div>\n\t\t\t\t<div class=\"elementor-column elementor-col-25 elementor-inner-column elementor-element elementor-element-59e0af3\" data-id=\"59e0af3\" data-element_type=\"column\" data-e-type=\"column\">\n\t\t\t<div class=\"elementor-widget-wrap elementor-element-populated\">\n\t\t\t\t\t\t<div class=\"elementor-element elementor-element-1191fea elementor-widget elementor-widget-image\" data-id=\"1191fea\" data-element_type=\"widget\" data-e-type=\"widget\" data-widget_type=\"image.default\">\n\t\t\t\t<div class=\"elementor-widget-container\">\n\t\t\t\t\t\t\t\t\t\t\t\t\t\t\t<img decoding=\"async\" src=\"https:\/\/helgilaod.ee\/wp-content\/uploads\/elementor\/thumbs\/investjpg-qkf5ysu1i0xtrbiyrbuwu0dd7fljs8ynw3veno8pvy.jpg\" title=\"investjpg\" alt=\"investjpg\" loading=\"lazy\" \/>\t\t\t\t\t\t\t\t\t\t\t\t\t\t\t<\/div>\n\t\t\t\t<\/div>\n\t\t\t\t<div class=\"elementor-element elementor-element-3adfe70 elementor-widget elementor-widget-heading\" data-id=\"3adfe70\" data-element_type=\"widget\" data-e-type=\"widget\" data-widget_type=\"heading.default\">\n\t\t\t\t<div class=\"elementor-widget-container\">\n\t\t\t\t\t<h2 class=\"elementor-heading-title elementor-size-default\">A good opportunity for investment - it is possible to get a considerable rental yield<\/h2>\t\t\t\t<\/div>\n\t\t\t\t<\/div>\n\t\t\t\t<div class=\"elementor-element elementor-element-56007c1 elementor-widget elementor-widget-text-editor\" data-id=\"56007c1\" data-element_type=\"widget\" data-e-type=\"widget\" data-widget_type=\"text-editor.default\">\n\t\t\t\t<div class=\"elementor-widget-container\">\n\t\t\t\t\t\t\t\t\t<p>When looking for investment opportunities, rental property can be an interesting choice if you want to get a stable and respectable income. Owning a rental property allows the investor to earn a regular income from rental income, while the value of the property can increase over time.&nbsp;<\/p>\t\t\t\t\t\t\t\t<\/div>\n\t\t\t\t<\/div>\n\t\t\t\t\t<\/div>\n\t\t<\/div>\n\t\t\t\t\t<\/div>\n\t\t<\/section>\n\t\t\t\t\t<\/div>\n\t\t<\/div>\n\t\t\t\t\t<\/div>\n\t\t<\/section>\n\t\t\t\t<section class=\"elementor-section elementor-top-section elementor-element elementor-element-c3b8590 elementor-section-height-min-height elementor-section-boxed elementor-section-height-default elementor-section-items-middle wpr-particle-no wpr-jarallax-no wpr-parallax-no wpr-sticky-section-no\" data-id=\"c3b8590\" data-element_type=\"section\" data-e-type=\"section\" data-settings=\"{&quot;background_background&quot;:&quot;classic&quot;}\">\n\t\t\t\t\t\t\t<div class=\"elementor-background-overlay\"><\/div>\n\t\t\t\t\t\t\t<div class=\"elementor-container elementor-column-gap-default\">\n\t\t\t\t\t<div class=\"elementor-column elementor-col-100 elementor-top-column elementor-element elementor-element-27a4d51\" data-id=\"27a4d51\" data-element_type=\"column\" data-e-type=\"column\">\n\t\t\t<div class=\"elementor-widget-wrap elementor-element-populated\">\n\t\t\t\t\t\t<div class=\"elementor-element elementor-element-d7b7e05 elementor-widget elementor-widget-text-editor\" data-id=\"d7b7e05\" data-element_type=\"widget\" data-e-type=\"widget\" data-widget_type=\"text-editor.default\">\n\t\t\t\t<div class=\"elementor-widget-container\">\n\t\t\t\t\t\t\t\t\t<p class=\"x_MsoNormal\"><b>BUY<\/b>\u00a0<span lang=\"ET\">youself quality\u00a0<\/span><b><span lang=\"ET\">warehouse \/ office<\/span><\/b><\/p><p class=\"x_MsoNormal\"><span lang=\"ET\">Helgi tee 14 in the warehouse complex<\/span><\/p>\t\t\t\t\t\t\t\t<\/div>\n\t\t\t\t<\/div>\n\t\t\t\t<div class=\"elementor-element elementor-element-e7d9a9c elementor-widget-divider--view-line elementor-widget elementor-widget-divider\" data-id=\"e7d9a9c\" data-element_type=\"widget\" data-e-type=\"widget\" data-widget_type=\"divider.default\">\n\t\t\t\t<div class=\"elementor-widget-container\">\n\t\t\t\t\t\t\t<div class=\"elementor-divider\">\n\t\t\t<span class=\"elementor-divider-separator\">\n\t\t\t\t\t\t<\/span>\n\t\t<\/div>\n\t\t\t\t\t\t<\/div>\n\t\t\t\t<\/div>\n\t\t\t\t<div class=\"elementor-element elementor-element-cd2470f elementor-widget elementor-widget-text-editor\" data-id=\"cd2470f\" data-element_type=\"widget\" data-e-type=\"widget\" data-widget_type=\"text-editor.default\">\n\t\t\t\t<div class=\"elementor-widget-container\">\n\t\t\t\t\t\t\t\t\t<p>Discover today why Helgi storage space is the best choice for your storage space needs.<\/p>\t\t\t\t\t\t\t\t<\/div>\n\t\t\t\t<\/div>\n\t\t\t\t<div class=\"elementor-element elementor-element-8e214b0 elementor-widget__width-initial elementor-widget elementor-widget-button\" data-id=\"8e214b0\" data-element_type=\"widget\" data-e-type=\"widget\" data-widget_type=\"button.default\">\n\t\t\t\t<div class=\"elementor-widget-container\">\n\t\t\t\t\t\t\t\t\t<div class=\"elementor-button-wrapper\">\n\t\t\t\t\t<a class=\"elementor-button elementor-button-link elementor-size-sm\" href=\"https:\/\/helgilaod.ee\/en\/laopinnad\/\">\n\t\t\t\t\t\t<span class=\"elementor-button-content-wrapper\">\n\t\t\t\t\t\t\t\t\t<span class=\"elementor-button-text\">Vaata pindasid<\/span>\n\t\t\t\t\t<\/span>\n\t\t\t\t\t<\/a>\n\t\t\t\t<\/div>\n\t\t\t\t\t\t\t\t<\/div>\n\t\t\t\t<\/div>\n\t\t\t\t\t<\/div>\n\t\t<\/div>\n\t\t\t\t\t<\/div>\n\t\t<\/section>\n\t\t\t\t<\/div>","protected":false},"excerpt":{"rendered":"<p>N\u00fc\u00fcd\u00a0M\u00dc\u00dcA kvaliteetsed LAOPINNAD \/ B\u00dcROOD M\u00f5igu Tehnopargis! Boksid suurusega 25\u2026230 m2 Ehitus on ALANUD! Maja valmib jaanuar\/veebruar 2025 IDEED Laopind\/b\u00fcroo ettev\u00f5ttele v\u00f5i e-\u00e4riks Helgi laopind pakub teile mitmek\u00fclgset ja kohandatavat ruumi teie e-\u00e4ri vajadustele. Olgu teie tootevalik v\u00e4ike v\u00f5i suur, meil on piisavalt ruumi, et mahutada teie kaupu ja tagada nende turvaline ning efektiivne hoiustamine. Turvaline pind oma vara hoiustamiseks Meie laopindade turvalisus on meie prioriteet. Oleme varustatud kaasaegsete turvas\u00fcsteemidega, sealhulgas videovalve ja juurdep\u00e4\u00e4supiirangutega, tagades teie vara t\u00e4ieliku kaitse. Ruumid hobideks ja t\u00f6\u00f6 tegemiseks Helgi laopind pakub paindlikke ja kohandatavaid ruume, mis vastavad t\u00e4pselt teie hooajaliste kaupade ladustamisvajadustele. Olgu tegemist j\u00f5ulukaupade, suvekollektsioonide v\u00f5i muude hooajaliste toodetega, meil on piisavalt ruumi, et hoida neid turvaliselt ja efektiivselt. Hea v\u00f5imalus investeerimiseks &#8211; v\u00f5imalik saada arvestatav \u00fc\u00fcritootlus Otsides investeerimisv\u00f5imalusi, v\u00f5ib \u00fc\u00fcrikinnisvara olla huvitav valik, kui soovitakse saada stabiilset ja arvestatavat tulu. \u00dc\u00fcrikinnisvara omamine v\u00f5imaldab investoril teenida regulaarset sissetulekut \u00fc\u00fcritulust, samas kui vara v\u00e4\u00e4rtus v\u00f5ib aja jooksul kasvada.&nbsp; OSTA\u00a0omale kvaliteetne\u00a0laopind \/ b\u00fcroo Helgi tee 14 laokompleksis Avastage juba t\u00e4na, miks Helgi laopind on parim valik teie laoruumi vajaduste rahuldamiseks. Vaata pindasid<\/p>","protected":false},"author":1,"featured_media":0,"parent":0,"menu_order":0,"comment_status":"closed","ping_status":"closed","template":"elementor_canvas","meta":{"footnotes":""},"class_list":["post-695","page","type-page","status-publish","hentry"],"yoast_head":"<!-- This site is optimized with the Yoast SEO plugin v27.3 - https:\/\/yoast.com\/product\/yoast-seo-wordpress\/ -->\n<title>PEALEHT - Helgilaod<\/title>\n<meta name=\"robots\" content=\"index, follow, max-snippet:-1, max-image-preview:large, max-video-preview:-1\" \/>\n<link rel=\"canonical\" href=\"https:\/\/helgilaod.ee\/en\/\" \/>\n<meta property=\"og:locale\" content=\"en_GB\" \/>\n<meta property=\"og:type\" content=\"article\" \/>\n<meta property=\"og:title\" content=\"PEALEHT - Helgilaod\" \/>\n<meta property=\"og:description\" content=\"N\u00fc\u00fcd\u00a0M\u00dc\u00dcA kvaliteetsed LAOPINNAD \/ B\u00dcROOD M\u00f5igu Tehnopargis! Boksid suurusega 25\u2026230 m2 Ehitus on ALANUD! Maja valmib jaanuar\/veebruar 2025 IDEED Laopind\/b\u00fcroo ettev\u00f5ttele v\u00f5i e-\u00e4riks Helgi laopind pakub teile mitmek\u00fclgset ja kohandatavat ruumi teie e-\u00e4ri vajadustele. Olgu teie tootevalik v\u00e4ike v\u00f5i suur, meil on piisavalt ruumi, et mahutada teie kaupu ja tagada nende turvaline ning efektiivne hoiustamine. Turvaline pind oma vara hoiustamiseks Meie laopindade turvalisus on meie prioriteet. Oleme varustatud kaasaegsete turvas\u00fcsteemidega, sealhulgas videovalve ja juurdep\u00e4\u00e4supiirangutega, tagades teie vara t\u00e4ieliku kaitse. Ruumid hobideks ja t\u00f6\u00f6 tegemiseks Helgi laopind pakub paindlikke ja kohandatavaid ruume, mis vastavad t\u00e4pselt teie hooajaliste kaupade ladustamisvajadustele. Olgu tegemist j\u00f5ulukaupade, suvekollektsioonide v\u00f5i muude hooajaliste toodetega, meil on piisavalt ruumi, et hoida neid turvaliselt ja efektiivselt. Hea v\u00f5imalus investeerimiseks &#8211; v\u00f5imalik saada arvestatav \u00fc\u00fcritootlus Otsides investeerimisv\u00f5imalusi, v\u00f5ib \u00fc\u00fcrikinnisvara olla huvitav valik, kui soovitakse saada stabiilset ja arvestatavat tulu. \u00dc\u00fcrikinnisvara omamine v\u00f5imaldab investoril teenida regulaarset sissetulekut \u00fc\u00fcritulust, samas kui vara v\u00e4\u00e4rtus v\u00f5ib aja jooksul kasvada.&nbsp; OSTA\u00a0omale kvaliteetne\u00a0laopind \/ b\u00fcroo Helgi tee 14 laokompleksis Avastage juba t\u00e4na, miks Helgi laopind on parim valik teie laoruumi vajaduste rahuldamiseks. Vaata pindasid\" \/>\n<meta property=\"og:url\" content=\"https:\/\/helgilaod.ee\/en\/\" \/>\n<meta property=\"og:site_name\" content=\"Helgilaod\" \/>\n<meta property=\"article:modified_time\" content=\"2026-04-06T11:32:07+00:00\" \/>\n<meta property=\"og:image\" content=\"https:\/\/helgilaod.ee\/wp-content\/uploads\/elementor\/thumbs\/online_website__2991188310-qlg5x5ftqpcqx0yue4r5hwmslyfc7sj1sazwzvs2z2.webp\" \/>\n<meta name=\"twitter:card\" content=\"summary_large_image\" \/>\n<meta name=\"twitter:label1\" content=\"Estimated reading time\" \/>\n\t<meta name=\"twitter:data1\" content=\"2 minutes\" \/>\n<!-- \/ Yoast SEO plugin. -->","yoast_head_json":{"title":"PEALEHT - Helgilaod","robots":{"index":"index","follow":"follow","max-snippet":"max-snippet:-1","max-image-preview":"max-image-preview:large","max-video-preview":"max-video-preview:-1"},"canonical":"https:\/\/helgilaod.ee\/en\/","og_locale":"en_GB","og_type":"article","og_title":"PEALEHT - Helgilaod","og_description":"N\u00fc\u00fcd\u00a0M\u00dc\u00dcA kvaliteetsed LAOPINNAD \/ B\u00dcROOD M\u00f5igu Tehnopargis! Boksid suurusega 25\u2026230 m2 Ehitus on ALANUD! Maja valmib jaanuar\/veebruar 2025 IDEED Laopind\/b\u00fcroo ettev\u00f5ttele v\u00f5i e-\u00e4riks Helgi laopind pakub teile mitmek\u00fclgset ja kohandatavat ruumi teie e-\u00e4ri vajadustele. Olgu teie tootevalik v\u00e4ike v\u00f5i suur, meil on piisavalt ruumi, et mahutada teie kaupu ja tagada nende turvaline ning efektiivne hoiustamine. Turvaline pind oma vara hoiustamiseks Meie laopindade turvalisus on meie prioriteet. Oleme varustatud kaasaegsete turvas\u00fcsteemidega, sealhulgas videovalve ja juurdep\u00e4\u00e4supiirangutega, tagades teie vara t\u00e4ieliku kaitse. Ruumid hobideks ja t\u00f6\u00f6 tegemiseks Helgi laopind pakub paindlikke ja kohandatavaid ruume, mis vastavad t\u00e4pselt teie hooajaliste kaupade ladustamisvajadustele. Olgu tegemist j\u00f5ulukaupade, suvekollektsioonide v\u00f5i muude hooajaliste toodetega, meil on piisavalt ruumi, et hoida neid turvaliselt ja efektiivselt. Hea v\u00f5imalus investeerimiseks &#8211; v\u00f5imalik saada arvestatav \u00fc\u00fcritootlus Otsides investeerimisv\u00f5imalusi, v\u00f5ib \u00fc\u00fcrikinnisvara olla huvitav valik, kui soovitakse saada stabiilset ja arvestatavat tulu. \u00dc\u00fcrikinnisvara omamine v\u00f5imaldab investoril teenida regulaarset sissetulekut \u00fc\u00fcritulust, samas kui vara v\u00e4\u00e4rtus v\u00f5ib aja jooksul kasvada.&nbsp; OSTA\u00a0omale kvaliteetne\u00a0laopind \/ b\u00fcroo Helgi tee 14 laokompleksis Avastage juba t\u00e4na, miks Helgi laopind on parim valik teie laoruumi vajaduste rahuldamiseks. Vaata pindasid","og_url":"https:\/\/helgilaod.ee\/en\/","og_site_name":"Helgilaod","article_modified_time":"2026-04-06T11:32:07+00:00","og_image":[{"url":"https:\/\/helgilaod.ee\/wp-content\/uploads\/elementor\/thumbs\/online_website__2991188310-qlg5x5ftqpcqx0yue4r5hwmslyfc7sj1sazwzvs2z2.webp","type":"","width":"","height":""}],"twitter_card":"summary_large_image","twitter_misc":{"Estimated reading time":"2 minutes"},"schema":{"@context":"https:\/\/schema.org","@graph":[{"@type":"WebPage","@id":"https:\/\/helgilaod.ee\/","url":"https:\/\/helgilaod.ee\/","name":"PEALEHT - Helgilaod","isPartOf":{"@id":"https:\/\/helgilaod.ee\/#website"},"primaryImageOfPage":{"@id":"https:\/\/helgilaod.ee\/#primaryimage"},"image":{"@id":"https:\/\/helgilaod.ee\/#primaryimage"},"thumbnailUrl":"https:\/\/helgilaod.ee\/wp-content\/uploads\/elementor\/thumbs\/online_website__2991188310-qlg5x5ftqpcqx0yue4r5hwmslyfc7sj1sazwzvs2z2.webp","datePublished":"2021-12-23T10:23:58+00:00","dateModified":"2026-04-06T11:32:07+00:00","breadcrumb":{"@id":"https:\/\/helgilaod.ee\/#breadcrumb"},"inLanguage":"en-GB","potentialAction":[{"@type":"ReadAction","target":["https:\/\/helgilaod.ee\/"]}]},{"@type":"ImageObject","inLanguage":"en-GB","@id":"https:\/\/helgilaod.ee\/#primaryimage","url":"https:\/\/helgilaod.ee\/wp-content\/uploads\/elementor\/thumbs\/online_website__2991188310-qlg5x5ftqpcqx0yue4r5hwmslyfc7sj1sazwzvs2z2.webp","contentUrl":"https:\/\/helgilaod.ee\/wp-content\/uploads\/elementor\/thumbs\/online_website__2991188310-qlg5x5ftqpcqx0yue4r5hwmslyfc7sj1sazwzvs2z2.webp"},{"@type":"BreadcrumbList","@id":"https:\/\/helgilaod.ee\/#breadcrumb","itemListElement":[{"@type":"ListItem","position":1,"name":"Home","item":"https:\/\/helgilaod.ee\/"},{"@type":"ListItem","position":2,"name":"PEALEHT"}]},{"@type":"WebSite","@id":"https:\/\/helgilaod.ee\/#website","url":"https:\/\/helgilaod.ee\/","name":"Helgilaod","description":"With us you grow","publisher":{"@id":"https:\/\/helgilaod.ee\/#organization"},"potentialAction":[{"@type":"SearchAction","target":{"@type":"EntryPoint","urlTemplate":"https:\/\/helgilaod.ee\/?s={search_term_string}"},"query-input":{"@type":"PropertyValueSpecification","valueRequired":true,"valueName":"search_term_string"}}],"inLanguage":"en-GB"},{"@type":"Organization","@id":"https:\/\/helgilaod.ee\/#organization","name":"Helgilaod","url":"https:\/\/helgilaod.ee\/","logo":{"@type":"ImageObject","inLanguage":"en-GB","@id":"https:\/\/helgilaod.ee\/#\/schema\/logo\/image\/","url":"https:\/\/helgilaod.ee\/wp-content\/uploads\/2024\/02\/helgi-laod-logo-8-1.webp","contentUrl":"https:\/\/helgilaod.ee\/wp-content\/uploads\/2024\/02\/helgi-laod-logo-8-1.webp","width":900,"height":332,"caption":"Helgilaod"},"image":{"@id":"https:\/\/helgilaod.ee\/#\/schema\/logo\/image\/"}}]}},"_links":{"self":[{"href":"https:\/\/helgilaod.ee\/en\/wp-json\/wp\/v2\/pages\/695","targetHints":{"allow":["GET"]}}],"collection":[{"href":"https:\/\/helgilaod.ee\/en\/wp-json\/wp\/v2\/pages"}],"about":[{"href":"https:\/\/helgilaod.ee\/en\/wp-json\/wp\/v2\/types\/page"}],"author":[{"embeddable":true,"href":"https:\/\/helgilaod.ee\/en\/wp-json\/wp\/v2\/users\/1"}],"replies":[{"embeddable":true,"href":"https:\/\/helgilaod.ee\/en\/wp-json\/wp\/v2\/comments?post=695"}],"version-history":[{"count":5,"href":"https:\/\/helgilaod.ee\/en\/wp-json\/wp\/v2\/pages\/695\/revisions"}],"predecessor-version":[{"id":4261,"href":"https:\/\/helgilaod.ee\/en\/wp-json\/wp\/v2\/pages\/695\/revisions\/4261"}],"wp:attachment":[{"href":"https:\/\/helgilaod.ee\/en\/wp-json\/wp\/v2\/media?parent=695"}],"curies":[{"name":"wp","href":"https:\/\/api.w.org\/{rel}","templated":true}]}}